{"id":52,"date":"2017-06-13T13:10:14","date_gmt":"2017-06-13T10:10:14","guid":{"rendered":"http:\/\/nesimiaday.com\/?page_id=52"},"modified":"2017-06-21T12:23:20","modified_gmt":"2017-06-21T09:23:20","slug":"galeri","status":"publish","type":"page","link":"https:\/\/nesimiaday.com.tr\/index.php\/galeri\/","title":{"rendered":"FOTO\/BELGE"},"content":{"rendered":"\n\t\t<style type=\"text\/css\">\n\t\t\t#gallery-1 {\n\t\t\t\tmargin: auto;\n\t\t\t}\n\t\t\t#gallery-1 .gallery-item {\n\t\t\t\tfloat: left;\n\t\t\t\tmargin-top: 10px;\n\t\t\t\ttext-align: center;\n\t\t\t\twidth: 33%;\n\t\t\t}\n\t\t\t#gallery-1 img {\n\t\t\t\tborder: 2px solid #cfcfcf;\n\t\t\t}\n\t\t\t#gallery-1 .gallery-caption {\n\t\t\t\tmargin-left: 0;\n\t\t\t}\n\t\t\t\/* see gallery_shortcode() in wp-includes\/media.php *\/\n\t\t<\/style>\n\t\t<div id='gallery-1' class='gallery galleryid-52 gallery-columns-3 gallery-size-thumbnail'><dl class='gallery-item'>\n\t\t\t<dt class='gallery-icon portrait'>\n\t\t\t\t<a href='https:\/\/nesimiaday.com.tr\/wp-content\/uploads\/2017\/06\/kitap-kpk.jpg'><img loading=\"lazy\" decoding=\"async\" width=\"150\" height=\"150\" src=\"https:\/\/nesimiaday.com.tr\/wp-content\/uploads\/2017\/06\/kitap-kpk-150x150.jpg\" class=\"attachment-thumbnail size-thumbnail\" alt=\"Corovana \u00dc\u00e7 Geyik\" aria-describedby=\"gallery-1-53\" \/><\/a>\n\t\t\t<\/dt>\n\t\t\t\t<dd class='wp-caption-text gallery-caption' id='gallery-1-53'>\n\t\t\t\tNesimi Aday \u015eiir Kitab\u0131\n\t\t\t\t<\/dd><\/dl><dl class='gallery-item'>\n\t\t\t<dt class='gallery-icon portrait'>\n\t\t\t\t<a href='https:\/\/nesimiaday.com.tr\/wp-content\/uploads\/2017\/06\/S.R\u0131za-Erzingan20x15.gif'><img loading=\"lazy\" decoding=\"async\" width=\"150\" height=\"150\" src=\"https:\/\/nesimiaday.com.tr\/wp-content\/uploads\/2017\/06\/S.R\u0131za-Erzingan20x15-150x150.gif\" class=\"attachment-thumbnail size-thumbnail\" alt=\"\" aria-describedby=\"gallery-1-79\" \/><\/a>\n\t\t\t<\/dt>\n\t\t\t\t<dd class='wp-caption-text gallery-caption' id='gallery-1-79'>\n\t\t\t\tKonferans\n\t\t\t\t<\/dd><\/dl><dl class='gallery-item'>\n\t\t\t<dt class='gallery-icon landscape'>\n\t\t\t\t<a href='https:\/\/nesimiaday.com.tr\/wp-content\/uploads\/2017\/06\/SAL.jpg'><img loading=\"lazy\" decoding=\"async\" width=\"150\" height=\"150\" src=\"https:\/\/nesimiaday.com.tr\/wp-content\/uploads\/2017\/06\/SAL-150x150.jpg\" class=\"attachment-thumbnail size-thumbnail\" alt=\"\" aria-describedby=\"gallery-1-78\" srcset=\"https:\/\/nesimiaday.com.tr\/wp-content\/uploads\/2017\/06\/SAL-150x150.jpg 150w, https:\/\/nesimiaday.com.tr\/wp-content\/uploads\/2017\/06\/SAL-300x300.jpg 300w, https:\/\/nesimiaday.com.tr\/wp-content\/uploads\/2017\/06\/SAL-768x768.jpg 768w, https:\/\/nesimiaday.com.tr\/wp-content\/uploads\/2017\/06\/SAL-1024x1024.jpg 1024w, https:\/\/nesimiaday.com.tr\/wp-content\/uploads\/2017\/06\/SAL-676x676.jpg 676w, https:\/\/nesimiaday.com.tr\/wp-content\/uploads\/2017\/06\/SAL.jpg 1417w\" sizes=\"auto, (max-width: 150px) 100vw, 150px\" \/><\/a>\n\t\t\t<\/dt>\n\t\t\t\t<dd class='wp-caption-text gallery-caption' id='gallery-1-78'>\n\t\t\t\tYeni Y\u0131l Kart\u0131\n\t\t\t\t<\/dd><\/dl><br style=\"clear: both\" \/><dl class='gallery-item'>\n\t\t\t<dt class='gallery-icon landscape'>\n\t\t\t\t<a href='https:\/\/nesimiaday.com.tr\/wp-content\/uploads\/2017\/06\/mirayy.jpg'><img loading=\"lazy\" decoding=\"async\" width=\"150\" height=\"150\" src=\"https:\/\/nesimiaday.com.tr\/wp-content\/uploads\/2017\/06\/mirayy-150x150.jpg\" class=\"attachment-thumbnail size-thumbnail\" alt=\"\" aria-describedby=\"gallery-1-77\" srcset=\"https:\/\/nesimiaday.com.tr\/wp-content\/uploads\/2017\/06\/mirayy-150x150.jpg 150w, https:\/\/nesimiaday.com.tr\/wp-content\/uploads\/2017\/06\/mirayy-300x298.jpg 300w, https:\/\/nesimiaday.com.tr\/wp-content\/uploads\/2017\/06\/mirayy-768x764.jpg 768w, https:\/\/nesimiaday.com.tr\/wp-content\/uploads\/2017\/06\/mirayy-1024x1019.jpg 1024w, https:\/\/nesimiaday.com.tr\/wp-content\/uploads\/2017\/06\/mirayy-676x673.jpg 676w, https:\/\/nesimiaday.com.tr\/wp-content\/uploads\/2017\/06\/mirayy.jpg 1181w\" sizes=\"auto, (max-width: 150px) 100vw, 150px\" \/><\/a>\n\t\t\t<\/dt>\n\t\t\t\t<dd class='wp-caption-text gallery-caption' id='gallery-1-77'>\n\t\t\t\tMiray Bebek \n\t\t\t\t<\/dd><\/dl><dl class='gallery-item'>\n\t\t\t<dt class='gallery-icon portrait'>\n\t\t\t\t<a href='https:\/\/nesimiaday.com.tr\/wp-content\/uploads\/2017\/06\/IMG_4280.jpg'><img loading=\"lazy\" decoding=\"async\" width=\"150\" height=\"150\" src=\"https:\/\/nesimiaday.com.tr\/wp-content\/uploads\/2017\/06\/IMG_4280-150x150.jpg\" class=\"attachment-thumbnail size-thumbnail\" alt=\"\" aria-describedby=\"gallery-1-76\" \/><\/a>\n\t\t\t<\/dt>\n\t\t\t\t<dd class='wp-caption-text gallery-caption' id='gallery-1-76'>\n\t\t\t\tThe Cut, Film Ele\u015ftirisi\n\t\t\t\t<\/dd><\/dl><dl class='gallery-item'>\n\t\t\t<dt class='gallery-icon portrait'>\n\t\t\t\t<a href='https:\/\/nesimiaday.com.tr\/wp-content\/uploads\/2017\/06\/at-yarisi.jpg'><img loading=\"lazy\" decoding=\"async\" width=\"150\" height=\"150\" src=\"https:\/\/nesimiaday.com.tr\/wp-content\/uploads\/2017\/06\/at-yarisi-150x150.jpg\" class=\"attachment-thumbnail size-thumbnail\" alt=\"\" aria-describedby=\"gallery-1-74\" \/><\/a>\n\t\t\t<\/dt>\n\t\t\t\t<dd class='wp-caption-text gallery-caption' id='gallery-1-74'>\n\t\t\t\t\u015eairler, Ek\u00fcriler&#8230;\n\t\t\t\t<\/dd><\/dl><br style=\"clear: both\" \/><dl class='gallery-item'>\n\t\t\t<dt class='gallery-icon portrait'>\n\t\t\t\t<a href='https:\/\/nesimiaday.com.tr\/wp-content\/uploads\/2017\/06\/Hay-ve-Aksi-Gzt.jpg'><img loading=\"lazy\" decoding=\"async\" width=\"150\" height=\"150\" src=\"https:\/\/nesimiaday.com.tr\/wp-content\/uploads\/2017\/06\/Hay-ve-Aksi-Gzt-150x150.jpg\" class=\"attachment-thumbnail size-thumbnail\" alt=\"\" aria-describedby=\"gallery-1-73\" \/><\/a>\n\t\t\t<\/dt>\n\t\t\t\t<dd class='wp-caption-text gallery-caption' id='gallery-1-73'>\n\t\t\t\tHay ve Aksi \/ \u015eiir\n\t\t\t\t<\/dd><\/dl><dl class='gallery-item'>\n\t\t\t<dt class='gallery-icon landscape'>\n\t\t\t\t<a href='https:\/\/nesimiaday.com.tr\/wp-content\/uploads\/2016\/01\/nes-vesika.jpg'><img loading=\"lazy\" decoding=\"async\" width=\"150\" height=\"150\" src=\"https:\/\/nesimiaday.com.tr\/wp-content\/uploads\/2016\/01\/nes-vesika-150x150.jpg\" class=\"attachment-thumbnail size-thumbnail\" alt=\"\" aria-describedby=\"gallery-1-71\" srcset=\"https:\/\/nesimiaday.com.tr\/wp-content\/uploads\/2016\/01\/nes-vesika-150x150.jpg 150w, https:\/\/nesimiaday.com.tr\/wp-content\/uploads\/2016\/01\/nes-vesika-300x300.jpg 300w, https:\/\/nesimiaday.com.tr\/wp-content\/uploads\/2016\/01\/nes-vesika-768x768.jpg 768w, https:\/\/nesimiaday.com.tr\/wp-content\/uploads\/2016\/01\/nes-vesika-1024x1024.jpg 1024w, https:\/\/nesimiaday.com.tr\/wp-content\/uploads\/2016\/01\/nes-vesika-676x676.jpg 676w, https:\/\/nesimiaday.com.tr\/wp-content\/uploads\/2016\/01\/nes-vesika.jpg 1252w\" sizes=\"auto, (max-width: 150px) 100vw, 150px\" \/><\/a>\n\t\t\t<\/dt>\n\t\t\t\t<dd class='wp-caption-text gallery-caption' id='gallery-1-71'>\n\t\t\t\tNesimi Aday\n\t\t\t\t<\/dd><\/dl><dl class='gallery-item'>\n\t\t\t<dt class='gallery-icon portrait'>\n\t\t\t\t<a href='https:\/\/nesimiaday.com.tr\/wp-content\/uploads\/2017\/06\/Budala-Shiir-M\u00fczik.jpg'><img loading=\"lazy\" decoding=\"async\" width=\"150\" height=\"150\" src=\"https:\/\/nesimiaday.com.tr\/wp-content\/uploads\/2017\/06\/Budala-Shiir-M\u00fczik-150x150.jpg\" class=\"attachment-thumbnail size-thumbnail\" alt=\"\" aria-describedby=\"gallery-1-107\" \/><\/a>\n\t\t\t<\/dt>\n\t\t\t\t<dd class='wp-caption-text gallery-caption' id='gallery-1-107'>\n\t\t\t\t\u015eiir Dinletisi\n\t\t\t\t<\/dd><\/dl><br style=\"clear: both\" \/><dl class='gallery-item'>\n\t\t\t<dt class='gallery-icon portrait'>\n\t\t\t\t<a href='https:\/\/nesimiaday.com.tr\/wp-content\/uploads\/2017\/06\/BIR-1.jpg'><img loading=\"lazy\" decoding=\"async\" width=\"150\" height=\"150\" src=\"https:\/\/nesimiaday.com.tr\/wp-content\/uploads\/2017\/06\/BIR-1-150x150.jpg\" class=\"attachment-thumbnail size-thumbnail\" alt=\"\" aria-describedby=\"gallery-1-131\" \/><\/a>\n\t\t\t<\/dt>\n\t\t\t\t<dd class='wp-caption-text gallery-caption' id='gallery-1-131'>\n\t\t\t\tEski Bir Halk Oyunu\n\t\t\t\t<\/dd><\/dl><dl class='gallery-item'>\n\t\t\t<dt class='gallery-icon portrait'>\n\t\t\t\t<a href='https:\/\/nesimiaday.com.tr\/wp-content\/uploads\/2017\/06\/Ohala-Kaniyor.jpg'><img loading=\"lazy\" decoding=\"async\" width=\"150\" height=\"150\" src=\"https:\/\/nesimiaday.com.tr\/wp-content\/uploads\/2017\/06\/Ohala-Kaniyor-150x150.jpg\" class=\"attachment-thumbnail size-thumbnail\" alt=\"\" aria-describedby=\"gallery-1-159\" \/><\/a>\n\t\t\t<\/dt>\n\t\t\t\t<dd class='wp-caption-text gallery-caption' id='gallery-1-159'>\n\t\t\t\tOHAL, \u015e\u0130\u0130R\n\t\t\t\t<\/dd><\/dl>\n\t\t\t<br style='clear: both' \/>\n\t\t<\/div>\n\n","protected":false},"excerpt":{"rendered":"","protected":false},"author":2,"featured_media":0,"parent":0,"menu_order":0,"comment_status":"closed","ping_status":"closed","template":"","meta":{"footnotes":""},"class_list":["post-52","page","type-page","status-publish","hentry"],"_links":{"self":[{"href":"https:\/\/nesimiaday.com.tr\/index.php\/wp-json\/wp\/v2\/pages\/52","targetHints":{"allow":["GET"]}}],"collection":[{"href":"https:\/\/nesimiaday.com.tr\/index.php\/wp-json\/wp\/v2\/pages"}],"about":[{"href":"https:\/\/nesimiaday.com.tr\/index.php\/wp-json\/wp\/v2\/types\/page"}],"author":[{"embeddable":true,"href":"https:\/\/nesimiaday.com.tr\/index.php\/wp-json\/wp\/v2\/users\/2"}],"replies":[{"embeddable":true,"href":"https:\/\/nesimiaday.com.tr\/index.php\/wp-json\/wp\/v2\/comments?post=52"}],"version-history":[{"count":9,"href":"https:\/\/nesimiaday.com.tr\/index.php\/wp-json\/wp\/v2\/pages\/52\/revisions"}],"predecessor-version":[{"id":163,"href":"https:\/\/nesimiaday.com.tr\/index.php\/wp-json\/wp\/v2\/pages\/52\/revisions\/163"}],"wp:attachment":[{"href":"https:\/\/nesimiaday.com.tr\/index.php\/wp-json\/wp\/v2\/media?parent=52"}],"curies":[{"name":"wp","href":"https:\/\/api.w.org\/{rel}","templated":true}]}}